{"id":509,"date":"2020-12-22T19:27:07","date_gmt":"2020-12-22T18:27:07","guid":{"rendered":"https:\/\/mediterraneanmarinesurveyor.com\/?page_id=509"},"modified":"2021-04-08T20:11:43","modified_gmt":"2021-04-08T18:11:43","slug":"mentions-legales","status":"publish","type":"page","link":"https:\/\/mmsurveyor.com\/en\/mentions-legales\/","title":{"rendered":"Mentions l\u00e9gales"},"content":{"rendered":"<p>[et_pb_section fb_built=&#8221;1&#8243; _builder_version=&#8221;4.7.7&#8243; _module_preset=&#8221;default&#8221;][et_pb_row _builder_version=&#8221;4.7.7&#8243; _module_preset=&#8221;default&#8221;][et_pb_column type=&#8221;4_4&#8243; _builder_version=&#8221;4.7.7&#8243; _module_preset=&#8221;default&#8221;][et_pb_text _builder_version=&#8221;4.7.7&#8243; _module_preset=&#8221;default&#8221;]<\/p>\n<h1 style=\"text-align: center;\">Mentions l\u00e9gales<\/h1>\n<p>&nbsp;<\/p>\n<h2 style=\"text-align: center;\">Entreprise et site internet<\/h2>\n<p>[\/et_pb_text][\/et_pb_column][\/et_pb_row][\/et_pb_section][et_pb_section fb_built=&#8221;1&#8243; _builder_version=&#8221;4.7.7&#8243; _module_preset=&#8221;default&#8221;][et_pb_row column_structure=&#8221;1_3,1_3,1_3&#8243; _builder_version=&#8221;4.7.7&#8243; _module_preset=&#8221;default&#8221;][et_pb_column type=&#8221;1_3&#8243; _builder_version=&#8221;4.7.7&#8243; _module_preset=&#8221;default&#8221;][et_pb_blurb title=&#8221;Addresse&#8221; use_icon=&#8221;on&#8221; font_icon=&#8221;%%122%%&#8221; icon_color=&#8221;#e5bf20&#8243; _builder_version=&#8221;4.7.7&#8243; _module_preset=&#8221;default&#8221; header_text_align=&#8221;center&#8221; body_text_align=&#8221;center&#8221;]<\/p>\n<div class=\"centrer\">Mediterranean Marine Surveyor<\/div>\n<div class=\"centrer\"><\/div>\n<div class=\"centrer\">63 promenade des anglais<\/div>\n<div class=\"centrer\">06000 Nice, France<\/div>\n<div class=\"centrer\">T\u00e9l : +33 (0)6 70 66 75 72<\/div>\n<div class=\"centrer\"><\/div>\n<p>[\/et_pb_blurb][\/et_pb_column][et_pb_column type=&#8221;1_3&#8243; _builder_version=&#8221;4.7.7&#8243; _module_preset=&#8221;default&#8221;][et_pb_blurb title=&#8221;Soci\u00e9t\u00e9&#8221; use_icon=&#8221;on&#8221; font_icon=&#8221;%%144%%&#8221; icon_color=&#8221;#e5bf20&#8243; _builder_version=&#8221;4.7.7&#8243; _module_preset=&#8221;default&#8221; header_text_align=&#8221;center&#8221; body_text_align=&#8221;center&#8221;]<\/p>\n<div class=\"centrer\">\n<div class=\"centrer\">Mediterranean Marine surveyor<\/div>\n<div class=\"centrer\">est une soci\u00e9t\u00e9 &#8230;&#8230;<\/div>\n<div class=\"centrer\">au capital de &#8230;.. immatricul\u00e9 au RCS de Nice au num\u00e9ro&#8230;&#8230;<\/div>\n<\/div>\n<div class=\"centrer\"><\/div>\n<p>[\/et_pb_blurb][\/et_pb_column][et_pb_column type=&#8221;1_3&#8243; _builder_version=&#8221;4.7.7&#8243; _module_preset=&#8221;default&#8221;][et_pb_blurb title=&#8221;Hebergement&#8221; use_icon=&#8221;on&#8221; font_icon=&#8221;%%146%%&#8221; icon_color=&#8221;#e5bf20&#8243; _builder_version=&#8221;4.7.7&#8243; _module_preset=&#8221;default&#8221; header_text_align=&#8221;center&#8221; body_text_align=&#8221;center&#8221;]<\/p>\n<div class=\"centrer\">\n<div class=\"centrer\">\n<p>OVH<\/p>\n<p>2 rue Kellermann \u2013 59100 ROUBAIX<\/p>\n<p>Tel : +33 (0)9 72 20 20 20<br \/> <a href=\"http:\/\/www.ovh.com\/\">http:\/\/www.ovh.com<\/a><\/p>\n<\/div>\n<\/div>\n<p>[\/et_pb_blurb][\/et_pb_column][\/et_pb_row][\/et_pb_section]<\/p>\n","protected":false},"excerpt":{"rendered":"<p>Mentions l\u00e9gales &nbsp; Entreprise et site internetMediterranean Marine Surveyor 63 promenade des anglais 06000 Nice, France T\u00e9l : +33 (0)6 70 66 75 72 Mediterranean Marine surveyor est une soci\u00e9t\u00e9 &#8230;&#8230; au capital de &#8230;.. immatricul\u00e9 au RCS de Nice au num\u00e9ro&#8230;&#8230; OVH 2 rue Kellermann \u2013 59100 ROUBAIX Tel : +33 (0)9 72 20 [&hellip;]<\/p>\n","protected":false},"author":1,"featured_media":0,"parent":0,"menu_order":0,"comment_status":"closed","ping_status":"closed","template":"","meta":{"_et_pb_use_builder":"on","_et_pb_old_content":"","_et_gb_content_width":"","_monsterinsights_skip_tracking":false,"_monsterinsights_sitenote_active":false,"_monsterinsights_sitenote_note":"","_monsterinsights_sitenote_category":0,"footnotes":""},"class_list":["post-509","page","type-page","status-publish","hentry"],"aioseo_notices":[],"_links":{"self":[{"href":"https:\/\/mmsurveyor.com\/en\/wp-json\/wp\/v2\/pages\/509"}],"collection":[{"href":"https:\/\/mmsurveyor.com\/en\/wp-json\/wp\/v2\/pages"}],"about":[{"href":"https:\/\/mmsurveyor.com\/en\/wp-json\/wp\/v2\/types\/page"}],"author":[{"embeddable":true,"href":"https:\/\/mmsurveyor.com\/en\/wp-json\/wp\/v2\/users\/1"}],"replies":[{"embeddable":true,"href":"https:\/\/mmsurveyor.com\/en\/wp-json\/wp\/v2\/comments?post=509"}],"version-history":[{"count":0,"href":"https:\/\/mmsurveyor.com\/en\/wp-json\/wp\/v2\/pages\/509\/revisions"}],"wp:attachment":[{"href":"https:\/\/mmsurveyor.com\/en\/wp-json\/wp\/v2\/media?parent=509"}],"curies":[{"name":"wp","href":"https:\/\/api.w.org\/{rel}","templated":true}]}}